{"id":583,"date":"2023-07-21T13:45:12","date_gmt":"2023-07-21T13:45:12","guid":{"rendered":"https:\/\/prosthodontie.com\/useful-informations\/"},"modified":"2024-10-24T22:29:04","modified_gmt":"2024-10-24T22:29:04","slug":"useful-informations","status":"publish","type":"page","link":"https:\/\/prosthodontie.com\/en\/useful-informations\/","title":{"rendered":"Useful informations"},"content":{"rendered":"\n\n\t\t\t<h1>Useful info<\/h1>\t\t\t\n\t\t\t\t<p>Here is some general information for you to consult.<\/p>\n\t<h2>\n\t\t\t\tHelpful links\n\t\t\t<\/h2>\n\t<ul>\n\t\t<li><a href=\"https:\/\/www.fdsq.qc.ca\/fr\/prostho.html\" target=\"_blank\" rel=\"noopener\" aria-label=\"Go to https:\/\/www.fdsq.qc.ca\/fr\/prostho.html\">\t\t\t\t\n\t\t<h5>FDSQ | F\u00e9d\u00e9ration des dentistes sp\u00e9cialistes du Qu\u00e9bec<\/h5><\/a><\/li><li><a href=\"https:\/\/www.gotoapro.org\/\" target=\"_blank\" rel=\"noopener\" aria-label=\"Go to https:\/\/www.gotoapro.org\/\">\t\t\t\t\n\t\t<h5>ACP | American College of Prosthodontists<\/h5><\/a><\/li><li><a href=\"https:\/\/www.prosthodontics.ca\/index_fr.html\" target=\"_blank\" rel=\"noopener\" aria-label=\"Go to https:\/\/www.prosthodontics.ca\/index_fr.html\">\t\t\t\t\n\t\t<h5>APC | Association of prosthodontists of Canada<\/h5><\/a><\/li><li><a href=\"https:\/\/www.odq.qc.ca\/\" target=\"_blank\" rel=\"noopener\" aria-label=\"Go to https:\/\/www.odq.qc.ca\/\">\t\t\t\t\n\t\t<h5>ODQ | Ordre des dentistes du Qu\u00e9bec<\/h5><\/a><\/li><li><a href=\"https:\/\/www.canada.ca\/en\/services\/benefits\/dental\/dental-care-plan.html?utm_campaign=esdc-edsc-cdcp-rcsd-23-24&#038;utm_medium=vanity-url&#038;utm_source=canada-ca_dental\" target=\"_blank\" rel=\"noopener\" aria-label=\"Go to https:\/\/www.canada.ca\/en\/services\/benefits\/dental\/dental-care-plan.html?utm_campaign=esdc-edsc-cdcp-rcsd-23-24&#038;utm_medium=vanity-url&#038;utm_source=canada-ca_dental\">\t\t\t\t\n\t\t<h5>CDCP | Canadian Dental Care Plan<\/h5><\/a><\/li>\t<\/ul>\n\t<ul>\n\t\t<li><a href=\"https:\/\/www.quebecsanstabac.ca\/jarrete\" target=\"_blank\" rel=\"noopener\" aria-label=\"Go to https:\/\/www.quebecsanstabac.ca\/jarrete\">\t\t\t\t\n\t\t<h5>Tobacco-Free Quebec<\/h5><\/a><\/li><li><a href=\"https:\/\/hubermed.com\/consumer_cad_fr\/products\/tepe\/product-overview.html\" target=\"_blank\" rel=\"noopener\" aria-label=\"Go to https:\/\/hubermed.com\/consumer_cad_fr\/products\/tepe\/product-overview.html\">\t\t\t\t\n\t\t<h5>TePe\u00ae interdental brushes<\/h5><p>TePe\u00ae oral care products are recommended and used worldwide by dental professionals<\/p><\/a><\/li><li><a href=\"https:\/\/paroimplanto.ca\/le-brossage-sulculaire-2\/\" target=\"_blank\" rel=\"noopener\" aria-label=\"Go to https:\/\/paroimplanto.ca\/le-brossage-sulculaire-2\/\">\t\t\t\t\n\t\t<h5>Sulcular brushing technique<\/h5><\/a><\/li>\t<\/ul>\n\t\t\t\t<a href=\"https:\/\/www.fdsq.qc.ca\/fr\/prostho.html\" target=\"_blank\" rel=\"noopener\" itemprop=\"url\">\n\t\t\t\t<img decoding=\"async\" src=\"https:\/\/prosthodontie.com\/wp-content\/uploads\/2024\/04\/logo-partenaire-fdsq-cpwi.png\" alt=\"logo-partenaire-fdsq-cpwi\" title=\"logo-partenaire-fdsq-cpwi\" itemprop=\"image\"  \/>\n\t\t\t\t\t\t<\/a>\n\t\t\t\t<a href=\"https:\/\/www.gotoapro.org\/\" target=\"_blank\" rel=\"noopener\" itemprop=\"url\">\n\t\t\t\t<img decoding=\"async\" src=\"https:\/\/prosthodontie.com\/wp-content\/uploads\/2024\/04\/logo-acp-cpwi.png\" alt=\"logo-acp-cpwi\" title=\"logo-acp-cpwi\" itemprop=\"image\"  \/>\n\t\t\t\t\t\t<\/a>\n\t\t\t\t<a href=\"https:\/\/www.prosthodontics.ca\/index_fr\/\" target=\"_blank\" rel=\"noopener\" itemprop=\"url\">\n\t\t\t\t<img decoding=\"async\" src=\"https:\/\/prosthodontie.com\/wp-content\/uploads\/2024\/04\/logo-apc-cpwi.png\" alt=\"logo-apc-cpwi\" title=\"logo-apc-cpwi\" itemprop=\"image\"  \/>\n\t\t\t\t\t\t<\/a>\n\t\t\t\t<a href=\"https:\/\/www.odq.qc.ca\/\" target=\"_blank\" rel=\"noopener\" itemprop=\"url\">\n\t\t\t\t<img decoding=\"async\" src=\"https:\/\/prosthodontie.com\/wp-content\/uploads\/2024\/04\/logo-odq-cpwi.png\" alt=\"logo-odq-cpwi\" title=\"logo-odq-cpwi\" itemprop=\"image\"  \/>\n\t\t\t\t\t\t<\/a>\n\t\t\t\t<a href=\"https:\/\/www.canada.ca\/en\/services\/benefits\/dental\/dental-care-plan.html?utm_campaign=esdc-edsc-cdcp-rcsd-23-24&amp;utm_medium=vanity-url&amp;utm_source=canada-ca_dental\" target=\"_blank\" rel=\"noopener\" itemprop=\"url\">\n\t\t\t\t<img decoding=\"async\" src=\"https:\/\/prosthodontie.com\/wp-content\/uploads\/2024\/10\/Button2_EN.png\" alt=\"Button2_EN\" title=\"Button2_EN\" itemprop=\"image\"  \/>\n\t\t\t\t\t\t<\/a>\n\t<h2>\n\t\t\t\tUseful documents\n\t\t\t<\/h2>\n\t\t\t<p>It&#8217;s important to know your medical and dental history. A medical questionnaire must be on file for your consultation. You can download it to complete in advance.<\/p>\n\t<ul>\n\t\t<li><a href=\"https:\/\/prosthodontie.com\/wp-content\/uploads\/2024\/06\/Quest.-me\u0301d.-ANG-30-mai-2024.pdf\" target=\"_blank\" rel=\"noopener\" aria-label=\"Go to https:\/\/prosthodontie.com\/wp-content\/uploads\/2024\/06\/Quest.-me\u0301d.-ANG-30-mai-2024.pdf\">\t\t\t\t\n\t\t<h4>Medical-Dental Questionnaire<\/h4><p>Form to be completed and returned by e-mail to <a href=\"mailto:info@cpwi.ca\"><strong>info@cpwi.ca<\/strong><\/a> before your consultation.<\/p><\/a><\/li>\t<\/ul>\n\t\t\t<h5>Clinique de prosthodontie du West-Island<\/h5><h6>Dr. Fran\u00e7ois Chartrand, D.M.D., Dipl. Prostho., Prosthodontist<\/h6>\t\t\t\n\t\t\t\t<p>755, blvd Saint-Jean, office 206<br \/>Pointe-Claire (Quebec)<br \/>H9R 5M9<\/p>\n<h4>\n\t\tP 514 630-6620\n\t<\/h4>\n\t\t\t<h6>Business Hours<\/h6>\t\t\t\n\t\t\t\t<p>Care is provided from Tuesday to Thursday, starting at 8am.<\/p>\n\t\t\t<h6>Amenities<\/h6>\t\t\t\n\t\t\t\t<p>Free parking<br \/>Free Wi-Fi<\/p>\n\n","protected":false},"excerpt":{"rendered":"<p>Useful info Here is some general information for you to consult. Helpful links FDSQ | F\u00e9d\u00e9ration des dentistes sp\u00e9cialistes du Qu\u00e9bec ACP | American College of Prosthodontists APC | Association of prosthodontists of Canada ODQ | Ordre des dentistes du Qu\u00e9bec CDCP | Canadian Dental Care Plan Tobacco-Free Quebec TePe\u00ae interdental brushes TePe\u00ae oral care [&hellip;]<\/p>\n","protected":false},"author":1,"featured_media":0,"parent":0,"menu_order":0,"comment_status":"closed","ping_status":"closed","template":"","meta":{"site-sidebar-layout":"default","site-content-layout":"page-builder","ast-site-content-layout":"full-width-container","site-content-style":"unboxed","site-sidebar-style":"unboxed","ast-global-header-display":"","ast-banner-title-visibility":"","ast-main-header-display":"","ast-hfb-above-header-display":"","ast-hfb-below-header-display":"","ast-hfb-mobile-header-display":"","site-post-title":"disabled","ast-breadcrumbs-content":"","ast-featured-img":"","footer-sml-layout":"","theme-transparent-header-meta":"","adv-header-id-meta":"","stick-header-meta":"","header-above-stick-meta":"","header-main-stick-meta":"","header-below-stick-meta":"","astra-migrate-meta-layouts":"default","ast-page-background-enabled":"default","ast-page-background-meta":{"desktop":{"background-color":"var(--ast-global-color-4)","background-image":"","background-repeat":"repeat","background-position":"center center","background-size":"auto","background-attachment":"scroll","background-type":"","background-media":"","overlay-type":"","overlay-color":"","overlay-opacity":"","overlay-gradient":""},"tablet":{"background-color":"","background-image":"","background-repeat":"repeat","background-position":"center center","background-size":"auto","background-attachment":"scroll","background-type":"","background-media":"","overlay-type":"","overlay-color":"","overlay-opacity":"","overlay-gradient":""},"mobile":{"background-color":"","background-image":"","background-repeat":"repeat","background-position":"center center","background-size":"auto","background-attachment":"scroll","background-type":"","background-media":"","overlay-type":"","overlay-color":"","overlay-opacity":"","overlay-gradient":""}},"ast-content-background-meta":{"desktop":{"background-color":"var(--ast-global-color-5)","background-image":"","background-repeat":"repeat","background-position":"center center","background-size":"auto","background-attachment":"scroll","background-type":"","background-media":"","overlay-type":"","overlay-color":"","overlay-opacity":"","overlay-gradient":""},"tablet":{"background-color":"var(--ast-global-color-5)","background-image":"","background-repeat":"repeat","background-position":"center center","background-size":"auto","background-attachment":"scroll","background-type":"","background-media":"","overlay-type":"","overlay-color":"","overlay-opacity":"","overlay-gradient":""},"mobile":{"background-color":"var(--ast-global-color-5)","background-image":"","background-repeat":"repeat","background-position":"center center","background-size":"auto","background-attachment":"scroll","background-type":"","background-media":"","overlay-type":"","overlay-color":"","overlay-opacity":"","overlay-gradient":""}},"footnotes":""},"class_list":["post-583","page","type-page","status-publish","hentry"],"_links":{"self":[{"href":"https:\/\/prosthodontie.com\/en\/wp-json\/wp\/v2\/pages\/583","targetHints":{"allow":["GET"]}}],"collection":[{"href":"https:\/\/prosthodontie.com\/en\/wp-json\/wp\/v2\/pages"}],"about":[{"href":"https:\/\/prosthodontie.com\/en\/wp-json\/wp\/v2\/types\/page"}],"author":[{"embeddable":true,"href":"https:\/\/prosthodontie.com\/en\/wp-json\/wp\/v2\/users\/1"}],"replies":[{"embeddable":true,"href":"https:\/\/prosthodontie.com\/en\/wp-json\/wp\/v2\/comments?post=583"}],"version-history":[{"count":9,"href":"https:\/\/prosthodontie.com\/en\/wp-json\/wp\/v2\/pages\/583\/revisions"}],"predecessor-version":[{"id":747,"href":"https:\/\/prosthodontie.com\/en\/wp-json\/wp\/v2\/pages\/583\/revisions\/747"}],"wp:attachment":[{"href":"https:\/\/prosthodontie.com\/en\/wp-json\/wp\/v2\/media?parent=583"}],"curies":[{"name":"wp","href":"https:\/\/api.w.org\/{rel}","templated":true}]}}